{"id":7044,"date":"2018-07-13T13:20:29","date_gmt":"2018-07-13T13:20:29","guid":{"rendered":"https:\/\/www.silfradent.com\/privacy-policy\/"},"modified":"2023-10-05T12:48:24","modified_gmt":"2023-10-05T10:48:24","slug":"privacy-policy","status":"publish","type":"page","link":"https:\/\/www.silfradent.com\/en\/privacy-policy\/","title":{"rendered":"Privacy Policy"},"content":{"rendered":"<h1><strong>PRIVACY POLICY<\/strong><\/h1>\n<p>Se stai leggendo questa policy significa che sei approdato sul nostro sito web. Ti forniamo queste indicazioni perch\u00e9 tu possa sapere come trattiamo i tuoi dati personali quando navighi sul nostro sito web o quando interagisci con noi tramite esso: ad esempio, quando ci scrivi, quando ti iscrivi alla nostra newsletter. In tutte queste occasioni, e non solo, noi trattiamo alcuni tuoi dati personali. Lo facciamo in conformit\u00e0 al Regolamento UE 679\/2016 (GDPR) e in conformit\u00e0 al Codice privacy come modificato dal D.lgs. 101\/2018.<\/p>\n<p><strong>\u00a0<\/strong><\/p>\n<p><strong>Chi \u00e8 il Titolare del trattamento dei tuoi dati?<\/strong><\/p>\n<p>Il Titolare del trattamento dei dati raccolti tramite questo sito \u00e8 SILFRADENT SRL, avente sede legale in S. Sofia (FC), Via G. Di Vittorio 35\/37 47018, P. Iva\/C.F. 01721580403 (nel proseguo anche \u201c<strong>Titolare<\/strong>\u201d). Puoi contattare il Titolare al seguente indirizzo e-mail <a href=\"mailto:info@silfradent.com\">info@silfradent.com<\/a>, telefonandoci allo 0543 970684 o scrivendoci al nostro indirizzo postale.<\/p>\n<p><strong>\u00a0<\/strong><\/p>\n<p><strong>Perch\u00e9 trattiamo i tuoi dati e quando li raccogliamo?<\/strong><\/p>\n<p><strong>DATI DI NAVIGAZIONE<\/strong><\/p>\n<p>I sistemi informatici e le procedure software preposte al funzionamento di questo sito acquisiscono, nel corso del loro normale esercizio, alcuni dati personali la cui trasmissione \u00e8 implicita nell&#8217;uso dei protocolli di comunicazione di Internet.<\/p>\n<p>In questa categoria di dati rientrano gli indirizzi IP o i nomi a dominio dei computer e dei terminali utilizzati dagli utenti, gli indirizzi in notazione URI\/URL delle risorse richieste, l&#8217;orario della richiesta, il metodo utilizzato nel sottoporre la richiesta al server, la dimensione del file ottenuto in risposta, il codice numerico indicante lo stato della risposta data dal server (buon fine, errore, ecc.) ed altri parametri relativi al sistema operativo e all&#8217;ambiente informatico dell&#8217;utente.<\/p>\n<p><strong>Possiamo farlo senza il tuo consenso? <\/strong>S\u00ec, in quanto i dati sono necessari per la comunicazione di Internet e per permetterti di usufruire del sito (art. 6, lett. f, GDPR).<\/p>\n<p><strong>Quanto tempo conserviamo questi dati?<\/strong> I dati di navigazione non persistono per pi\u00f9 di sette giorni (salve eventuali necessit\u00e0 di accertamento di reati da parte dell&#8217;Autorit\u00e0 giudiziaria).<\/p>\n<p><strong>\u00a0<\/strong><\/p>\n<p><strong>DATI RELATIVI AI COOKIE<\/strong><\/p>\n<p>In qualit\u00e0 di Titolari, durante la navigazione sul nostro sito, raccogliamo alcuni tuoi dati ai fini di analisi ed elaborazione di informazioni, alle tue preferenze, esperienze di navigazione. Per svolgere questa attivit\u00e0 utilizziamo tecnologie come i cookie (propri o di terze parti).<\/p>\n<p><strong>Possiamo farlo senza il tuo consenso? <\/strong>In parte. La raccolta dei dati mediante utilizzo dei cookie tecnici, utili alla corretta funzionalit\u00e0 e sicurezza del sito, avviene sulla base di un nostro legittimo interesse (art. 6, lett. f, GDPR). La raccolta dei dati personali mediante utilizzo dei cookie, propri e di terze parti, non strettamente necessari avviene solo previo tuo consenso espresso (art. 6 lett. a, GDPR). Di questo ti avvisiamo tramite apposito banner che trovi in calce al sito quando ti colleghi per la prima volta. Qui potrai scegliere analiticamente quali cookie vuoi installare. Per maggiori informazioni su cosa sono i cookie, sulla loro funzione, ecc. puoi leggere la nostra <u>cookie policy<\/u>.<\/p>\n<p><strong>Quanto tempo conserviamo questi dati?<\/strong> Il tempo di conservazione di questi dati \u00e8 definito nel banner dei cookie, scegliendo di visualizzarli analiticamente, o nel men\u00f9 di impostazioni che trovi in basso a sinistra in ogni pagina del sito cerca questo simbolo: <img loading=\"lazy\" decoding=\"async\" src=\"https:\/\/www.silfradent.com\/wp-content\/uploads\/2023\/10\/logo-iubenda.png\" alt=\"\" width=\"30\" height=\"30\" class=\"alignnone size-full wp-image-9415\" \/><\/p>\n<p><strong>\u00a0<\/strong><\/p>\n<p><strong>AREA CONTATTACI<\/strong><\/p>\n<p>Se decidi di contattarci tramite il form presente sul nostro sito, tratteremo i tuoi dati anagrafici e quelli relativi al tuo indirizzo e-mail.<\/p>\n<p><strong>Possiamo farlo senza il tuo consenso?<\/strong> S\u00ec, perch\u00e9 stiamo dando seguito ad una tua richiesta (art. 6, lett. b, GDPR).<\/p>\n<p><strong>Quanto tempo conserviamo questi dati?<\/strong> Conserviamo questi dati per il tempo necessario all\u2019evasione della tua richiesta.<\/p>\n<p><strong>\u00a0<\/strong><\/p>\n<p><strong>NEWSLETTER<\/strong><\/p>\n<p>Sul sito \u00e8 anche possibile iscriversi alla nostra newsletter e in questo caso tratteremo il tuo nome, cognome e indirizzo l\u2019indirizzo e-mail.<\/p>\n<p><strong>Possiamo farlo senza il tuo consenso?<\/strong> No. Potrai decidere di iscriverti alla nostra newsletter, compilando l\u2019apposito form di iscrizione o tramite apposito flag in calce ai form di contatto (art. 6, lett. a, GDPR)<strong>.<\/strong><\/p>\n<p><strong>\u00a0<\/strong><\/p>\n<p><strong>Quanto tempo conserviamo questi dati?<\/strong> Conserveremo questi dati fino a che non ne richiederai la cancellazione: in questo caso provvederemo immediatamente a soddisfare la tua richiesta.<\/p>\n<p><strong>\u00a0<\/strong><\/p>\n<p><strong>Come trattiamo i tuoi dati?<\/strong><\/p>\n<p>Il trattamento dei tuoi dati avviene mediante l\u2019utilizzo di strumenti e procedure idonee a garantirne la sicurezza e la riservatezza, e pu\u00f2 essere effettuato sia tramite il nostro sito web che attraverso altri strumenti elettronici (ad esempio gestionali interni) e talvolta anche con l&#8217;ausilio di supporti cartacei. Oltre al Titolare, in alcuni casi, potrebbero avere accesso ai dati altri soggetti coinvolti nell\u2019organizzazione di questo Sito Web (personale amministrativo, commerciale, amministratori di sistema, ecc.) ovvero soggetti esterni (come fornitori di servizi tecnici terzi, hosting provider, societ\u00e0 informatiche, agenzie di comunicazione, agenzie di data entry) nominati, nelle ipotesi previste dalla normativa, Responsabili del Trattamento da parte nostra. Puoi ottenere l\u2019elenco completo dei responsabili del trattamento scrivendoci all\u2019indirizzo e-mail <a href=\"mailto:info@silfradent.com\">info@silfradent.com<\/a>.<\/p>\n<p><strong>\u00a0<\/strong><\/p>\n<p><strong>Dove sono i tuoi dati?<\/strong><\/p>\n<p>I trattamenti che effettuiamo con i tuoi dati personali avvengono su suolo europeo. Abbiamo scelto partner che ci consentissero di tenere i dati all\u2019interno dell\u2019Unione, in accordo con quanto richiesto dal Regolamento. I tuoi dati di navigazione (indirizzo IP), invece, attraverso l\u2019installazione dei cookie, potranno essere trasferiti fuori dall\u2019Unione europea ed in particolare negli Stati Uniti (a titolo esemplificativo e non esaustivo, Google).<\/p>\n<p><strong>\u00a0<\/strong><\/p>\n<p><strong>Chi accede ai tuoi dati?<\/strong><\/p>\n<p>I tuoi dati potranno essere resi accessibili ai dipendenti e collaboratori del Titolare nella loro qualit\u00e0 di incaricati del trattamento e\/o amministratori di sistema e\/o altri soggetti (a titolo indicativo: studi professionali, consulenti, software house che ci forniscono i gestionali, ecc.) che svolgono attivit\u00e0 in outsourcing per nostro conto, nella loro qualit\u00e0 di responsabili esterni del trattamento.<\/p>\n<p>In nessun modo diffondiamo i tuoi dati.<\/p>\n<p><strong>\u00a0<\/strong><\/p>\n<p><strong>Quali sono i tuoi diritti?<\/strong><\/p>\n<p>In qualit\u00e0 di interessato, hai molteplici diritti. Ad esempio, il diritto di ottenere, nei casi previsti, l&#8217;accesso ai tuoi dati personali e la rettifica o la cancellazione degli stessi o la limitazione del trattamento che li riguarda o di opporti al trattamento (per sapere quali sono tutti i tuoi diritti puoi consultare il Regolamento agli artt. 15 e seguenti). Per esercitare i tuoi diritti puoi invece scriverci o telefonarci ai contatti che trovi all\u2019inizio di questa informativa.<\/p>\n<p><strong>\u00a0<\/strong><\/p>\n<p><strong>Diritto di reclamo<\/strong><\/p>\n<p>Nel caso ritenessi che il trattamento violi i tuoi diritti in qualche modo potrai proporre reclamo all\u2019Autorit\u00e0 Garante per la protezione dei dati personali, verificando le modalit\u00e0 sul sito web <a href=\"http:\/\/www.garanteprivacy.it\">www.garanteprivacy.it<\/a>. Nella seguente pagina <a href=\"https:\/\/www.garanteprivacy.it\/home\/docweb\/-\/docweb-display\/docweb\/4535524\">https:\/\/www.garanteprivacy.it\/home\/docweb\/-\/docweb-display\/docweb\/4535524<\/a>\u00a0 \u00e8 possibile visionare il modello di reclamo.<\/p>\n<p><strong>\u00a0<\/strong><\/p>\n<p><strong>Tutela della privacy dei minori<\/strong><\/p>\n<p>Questo sito web si rivolge a un pubblico generico, tuttavia i suoi servizi sono destinati a persone di et\u00e0 pari o superiore a 18 anni. Noi non richiediamo, non raccogliamo, non utilizziamo n\u00e9 divulghiamo dati personali forniti da persone di et\u00e0 inferiore a 18 anni online. Qualora scoprissimo di aver raccolto personalmente dati di un minore li cancelleremo immediatamente.<\/p>\n","protected":false},"excerpt":{"rendered":"<p>PRIVACY POLICY Se stai leggendo questa policy significa che sei approdato sul nostro sito web. Ti forniamo queste indicazioni perch\u00e9 tu possa sapere come trattiamo i tuoi dati personali quando navighi sul nostro sito web o quando interagisci con noi&hellip;<\/p>\n","protected":false},"author":2,"featured_media":0,"parent":0,"menu_order":0,"comment_status":"closed","ping_status":"closed","template":"","meta":{"_monsterinsights_skip_tracking":false,"_monsterinsights_sitenote_active":false,"_monsterinsights_sitenote_note":"","_monsterinsights_sitenote_category":0,"footnotes":""},"class_list":["post-7044","page","type-page","status-publish","hentry","entry","no-media"],"yoast_head":"<!-- This site is optimized with the Yoast SEO plugin v23.4 - https:\/\/yoast.com\/wordpress\/plugins\/seo\/ -->\n<title>Privacy Policy | Silfradent<\/title>\n<meta name=\"robots\" content=\"noindex, nofollow\" \/>\n<meta property=\"og:locale\" content=\"en_US\" \/>\n<meta property=\"og:type\" content=\"article\" \/>\n<meta property=\"og:title\" content=\"Privacy Policy | Silfradent\" \/>\n<meta property=\"og:description\" content=\"PRIVACY POLICY Se stai leggendo questa policy significa che sei approdato sul nostro sito web. Ti forniamo queste indicazioni perch\u00e9 tu possa sapere come trattiamo i tuoi dati personali quando navighi sul nostro sito web o quando interagisci con noi&hellip;\" \/>\n<meta property=\"og:url\" content=\"https:\/\/www.silfradent.com\/en\/privacy-policy\/\" \/>\n<meta property=\"og:site_name\" content=\"Silfradent\" \/>\n<meta property=\"article:modified_time\" content=\"2023-10-05T10:48:24+00:00\" \/>\n<meta property=\"og:image\" content=\"https:\/\/www.silfradent.com\/wp-content\/uploads\/2023\/10\/logo-iubenda.png\" \/>\n<meta name=\"twitter:card\" content=\"summary_large_image\" \/>\n<meta name=\"twitter:label1\" content=\"Est. reading time\" \/>\n\t<meta name=\"twitter:data1\" content=\"7 minutes\" \/>\n<script type=\"application\/ld+json\" class=\"yoast-schema-graph\">{\"@context\":\"https:\/\/schema.org\",\"@graph\":[{\"@type\":\"WebPage\",\"@id\":\"https:\/\/www.silfradent.com\/en\/privacy-policy\/\",\"url\":\"https:\/\/www.silfradent.com\/en\/privacy-policy\/\",\"name\":\"Privacy Policy | Silfradent\",\"isPartOf\":{\"@id\":\"https:\/\/www.silfradent.com\/#website\"},\"primaryImageOfPage\":{\"@id\":\"https:\/\/www.silfradent.com\/en\/privacy-policy\/#primaryimage\"},\"image\":{\"@id\":\"https:\/\/www.silfradent.com\/en\/privacy-policy\/#primaryimage\"},\"thumbnailUrl\":\"https:\/\/www.silfradent.com\/wp-content\/uploads\/2023\/10\/logo-iubenda.png\",\"datePublished\":\"2018-07-13T13:20:29+00:00\",\"dateModified\":\"2023-10-05T10:48:24+00:00\",\"breadcrumb\":{\"@id\":\"https:\/\/www.silfradent.com\/en\/privacy-policy\/#breadcrumb\"},\"inLanguage\":\"en-US\",\"potentialAction\":[{\"@type\":\"ReadAction\",\"target\":[\"https:\/\/www.silfradent.com\/en\/privacy-policy\/\"]}]},{\"@type\":\"ImageObject\",\"inLanguage\":\"en-US\",\"@id\":\"https:\/\/www.silfradent.com\/en\/privacy-policy\/#primaryimage\",\"url\":\"https:\/\/www.silfradent.com\/wp-content\/uploads\/2023\/10\/logo-iubenda.png\",\"contentUrl\":\"https:\/\/www.silfradent.com\/wp-content\/uploads\/2023\/10\/logo-iubenda.png\"},{\"@type\":\"BreadcrumbList\",\"@id\":\"https:\/\/www.silfradent.com\/en\/privacy-policy\/#breadcrumb\",\"itemListElement\":[{\"@type\":\"ListItem\",\"position\":1,\"name\":\"Home\",\"item\":\"https:\/\/www.silfradent.com\/en\/\"},{\"@type\":\"ListItem\",\"position\":2,\"name\":\"Privacy Policy\"}]},{\"@type\":\"WebSite\",\"@id\":\"https:\/\/www.silfradent.com\/#website\",\"url\":\"https:\/\/www.silfradent.com\/\",\"name\":\"Silfradent\",\"description\":\"\",\"publisher\":{\"@id\":\"https:\/\/www.silfradent.com\/#organization\"},\"potentialAction\":[{\"@type\":\"SearchAction\",\"target\":{\"@type\":\"EntryPoint\",\"urlTemplate\":\"https:\/\/www.silfradent.com\/?s={search_term_string}\"},\"query-input\":{\"@type\":\"PropertyValueSpecification\",\"valueRequired\":true,\"valueName\":\"search_term_string\"}}],\"inLanguage\":\"en-US\"},{\"@type\":\"Organization\",\"@id\":\"https:\/\/www.silfradent.com\/#organization\",\"name\":\"Silfradent S.R.L.\",\"url\":\"https:\/\/www.silfradent.com\/\",\"logo\":{\"@type\":\"ImageObject\",\"inLanguage\":\"en-US\",\"@id\":\"https:\/\/www.silfradent.com\/#\/schema\/logo\/image\/\",\"url\":\"https:\/\/www.silfradent.com\/wp-content\/uploads\/2018\/08\/logo-retina-silfradent.png\",\"contentUrl\":\"https:\/\/www.silfradent.com\/wp-content\/uploads\/2018\/08\/logo-retina-silfradent.png\",\"width\":283,\"height\":80,\"caption\":\"Silfradent S.R.L.\"},\"image\":{\"@id\":\"https:\/\/www.silfradent.com\/#\/schema\/logo\/image\/\"}}]}<\/script>\n<!-- \/ Yoast SEO plugin. -->","yoast_head_json":{"title":"Privacy Policy | Silfradent","robots":{"index":"noindex","follow":"nofollow"},"og_locale":"en_US","og_type":"article","og_title":"Privacy Policy | Silfradent","og_description":"PRIVACY POLICY Se stai leggendo questa policy significa che sei approdato sul nostro sito web. Ti forniamo queste indicazioni perch\u00e9 tu possa sapere come trattiamo i tuoi dati personali quando navighi sul nostro sito web o quando interagisci con noi&hellip;","og_url":"https:\/\/www.silfradent.com\/en\/privacy-policy\/","og_site_name":"Silfradent","article_modified_time":"2023-10-05T10:48:24+00:00","og_image":[{"url":"https:\/\/www.silfradent.com\/wp-content\/uploads\/2023\/10\/logo-iubenda.png"}],"twitter_card":"summary_large_image","twitter_misc":{"Est. reading time":"7 minutes"},"schema":{"@context":"https:\/\/schema.org","@graph":[{"@type":"WebPage","@id":"https:\/\/www.silfradent.com\/en\/privacy-policy\/","url":"https:\/\/www.silfradent.com\/en\/privacy-policy\/","name":"Privacy Policy | Silfradent","isPartOf":{"@id":"https:\/\/www.silfradent.com\/#website"},"primaryImageOfPage":{"@id":"https:\/\/www.silfradent.com\/en\/privacy-policy\/#primaryimage"},"image":{"@id":"https:\/\/www.silfradent.com\/en\/privacy-policy\/#primaryimage"},"thumbnailUrl":"https:\/\/www.silfradent.com\/wp-content\/uploads\/2023\/10\/logo-iubenda.png","datePublished":"2018-07-13T13:20:29+00:00","dateModified":"2023-10-05T10:48:24+00:00","breadcrumb":{"@id":"https:\/\/www.silfradent.com\/en\/privacy-policy\/#breadcrumb"},"inLanguage":"en-US","potentialAction":[{"@type":"ReadAction","target":["https:\/\/www.silfradent.com\/en\/privacy-policy\/"]}]},{"@type":"ImageObject","inLanguage":"en-US","@id":"https:\/\/www.silfradent.com\/en\/privacy-policy\/#primaryimage","url":"https:\/\/www.silfradent.com\/wp-content\/uploads\/2023\/10\/logo-iubenda.png","contentUrl":"https:\/\/www.silfradent.com\/wp-content\/uploads\/2023\/10\/logo-iubenda.png"},{"@type":"BreadcrumbList","@id":"https:\/\/www.silfradent.com\/en\/privacy-policy\/#breadcrumb","itemListElement":[{"@type":"ListItem","position":1,"name":"Home","item":"https:\/\/www.silfradent.com\/en\/"},{"@type":"ListItem","position":2,"name":"Privacy Policy"}]},{"@type":"WebSite","@id":"https:\/\/www.silfradent.com\/#website","url":"https:\/\/www.silfradent.com\/","name":"Silfradent","description":"","publisher":{"@id":"https:\/\/www.silfradent.com\/#organization"},"potentialAction":[{"@type":"SearchAction","target":{"@type":"EntryPoint","urlTemplate":"https:\/\/www.silfradent.com\/?s={search_term_string}"},"query-input":{"@type":"PropertyValueSpecification","valueRequired":true,"valueName":"search_term_string"}}],"inLanguage":"en-US"},{"@type":"Organization","@id":"https:\/\/www.silfradent.com\/#organization","name":"Silfradent S.R.L.","url":"https:\/\/www.silfradent.com\/","logo":{"@type":"ImageObject","inLanguage":"en-US","@id":"https:\/\/www.silfradent.com\/#\/schema\/logo\/image\/","url":"https:\/\/www.silfradent.com\/wp-content\/uploads\/2018\/08\/logo-retina-silfradent.png","contentUrl":"https:\/\/www.silfradent.com\/wp-content\/uploads\/2018\/08\/logo-retina-silfradent.png","width":283,"height":80,"caption":"Silfradent S.R.L."},"image":{"@id":"https:\/\/www.silfradent.com\/#\/schema\/logo\/image\/"}}]}},"_links":{"self":[{"href":"https:\/\/www.silfradent.com\/en\/wp-json\/wp\/v2\/pages\/7044"}],"collection":[{"href":"https:\/\/www.silfradent.com\/en\/wp-json\/wp\/v2\/pages"}],"about":[{"href":"https:\/\/www.silfradent.com\/en\/wp-json\/wp\/v2\/types\/page"}],"author":[{"embeddable":true,"href":"https:\/\/www.silfradent.com\/en\/wp-json\/wp\/v2\/users\/2"}],"replies":[{"embeddable":true,"href":"https:\/\/www.silfradent.com\/en\/wp-json\/wp\/v2\/comments?post=7044"}],"version-history":[{"count":3,"href":"https:\/\/www.silfradent.com\/en\/wp-json\/wp\/v2\/pages\/7044\/revisions"}],"predecessor-version":[{"id":9427,"href":"https:\/\/www.silfradent.com\/en\/wp-json\/wp\/v2\/pages\/7044\/revisions\/9427"}],"wp:attachment":[{"href":"https:\/\/www.silfradent.com\/en\/wp-json\/wp\/v2\/media?parent=7044"}],"curies":[{"name":"wp","href":"https:\/\/api.w.org\/{rel}","templated":true}]}}